{"id":7526,"date":"2025-11-13T14:37:49","date_gmt":"2025-11-13T13:37:49","guid":{"rendered":"https:\/\/www.jec-dach.events\/?page_id=7526"},"modified":"2025-11-13T14:50:55","modified_gmt":"2025-11-13T13:50:55","slug":"akkreditierung-beantragen","status":"publish","type":"page","link":"https:\/\/www.jec-dach.events\/de\/akkreditierung-beantragen\/","title":{"rendered":"Akkreditierung beantragen"},"content":{"rendered":"\t\t<div data-elementor-type=\"wp-page\" data-elementor-id=\"7526\" class=\"elementor elementor-7526\" data-elementor-post-type=\"page\">\n\t\t\t\t\t\t<div class=\"elementor-section elementor-top-section elementor-element elementor-element-2a1e8125 elementor-section-stretched elementor-section-boxed elementor-section-height-default elementor-section-height-default\" data-id=\"2a1e8125\" data-element_type=\"section\" data-e-type=\"section\" data-settings=\"{&quot;stretch_section&quot;:&quot;section-stretched&quot;}\">\n\t\t\t\t\t\t<div class=\"elementor-container elementor-column-gap-no\">\n\t\t\t\t\t<div class=\"elementor-column elementor-col-100 elementor-top-column elementor-element elementor-element-4bc636be\" data-id=\"4bc636be\" data-element_type=\"column\" data-e-type=\"column\">\n\t\t\t<div class=\"elementor-widget-wrap elementor-element-populated\">\n\t\t\t\t\t\t<div class=\"elementor-element elementor-element-36353754 animated-fast elementor-invisible elementor-widget elementor-widget-heading\" data-id=\"36353754\" data-element_type=\"widget\" data-e-type=\"widget\" data-settings=\"{&quot;_animation&quot;:&quot;opal-move-up&quot;}\" data-widget_type=\"heading.default\">\n\t\t\t\t<div class=\"elementor-widget-container\">\n\t\t\t\t\t<div class=\"heading-decor\"><svg version=\"1.1\" xmlns=\"http:\/\/www.w3.org\/2000\/svg\" x=\"0\" y=\"0\" viewBox=\"0 0 35.3 16\" xml:space=\"preserve\"><g class=\"nc-icon-wrapper\" stroke=\"none\"><path fill-rule=\"evenodd\" clip-rule=\"evenodd\" d=\"M2.7 0C1.2 0 0 1.2 0 2.7c0 1.5 1.2 2.7 2.7 2.7 1.5 0 2.7-1.2 2.7-2.7C5.3 1.2 4.1 0 2.7 0zm0 10.7c-1.5 0-2.7 1.2-2.7 2.7C0 14.8 1.2 16 2.7 16c1.5 0 2.7-1.2 2.7-2.7-.1-1.4-1.3-2.6-2.7-2.6zM12.7 0C11.2 0 10 1.2 10 2.7c0 1.5 1.2 2.7 2.7 2.7 1.5 0 2.7-1.2 2.7-2.7-.1-1.5-1.3-2.7-2.7-2.7zm0 10.7c-1.5 0-2.7 1.2-2.7 2.7 0 1.5 1.2 2.7 2.7 2.7 1.5 0 2.7-1.2 2.7-2.7-.1-1.5-1.3-2.7-2.7-2.7zM22.7 0C21.2 0 20 1.2 20 2.7c0 1.5 1.2 2.7 2.7 2.7s2.7-1.2 2.7-2.7C25.3 1.2 24.1 0 22.7 0zm0 10.7c-1.5 0-2.7 1.2-2.7 2.7 0 1.5 1.2 2.7 2.7 2.7s2.7-1.2 2.7-2.7c-.1-1.5-1.3-2.7-2.7-2.7zm10-5.4c1.5 0 2.7-1.2 2.7-2.7 0-1.5-1.2-2.7-2.7-2.7C31.2 0 30 1.2 30 2.7c0 1.4 1.2 2.6 2.7 2.6zm0 5.4c-1.5 0-2.7 1.2-2.7 2.7 0 1.5 1.2 2.7 2.7 2.7 1.5 0 2.7-1.2 2.7-2.7-.1-1.5-1.3-2.7-2.7-2.7z\"\/><\/g><\/svg><\/div><h2 class=\"elementor-heading-title elementor-size-default\">Akkreditierung<br>beantragen<\/h2>\t\t\t\t<\/div>\n\t\t\t\t<\/div>\n\t\t\t\t\t<\/div>\n\t\t<\/div>\n\t\t\t\t\t<\/div>\n\t\t<\/div>\n\t\t\t\t<div class=\"elementor-section elementor-top-section elementor-element elementor-element-729c15c8 elementor-section-stretched elementor-section-boxed elementor-section-height-default elementor-section-height-default\" data-id=\"729c15c8\" data-element_type=\"section\" data-e-type=\"section\" data-settings=\"{&quot;stretch_section&quot;:&quot;section-stretched&quot;}\">\n\t\t\t\t\t\t<div class=\"elementor-container elementor-column-gap-no\">\n\t\t\t\t\t<div class=\"elementor-column elementor-col-100 elementor-top-column elementor-element elementor-element-2542f322\" data-id=\"2542f322\" data-element_type=\"column\" data-e-type=\"column\">\n\t\t\t<div class=\"elementor-widget-wrap elementor-element-populated\">\n\t\t\t\t\t\t<div class=\"elementor-element elementor-element-9db37a7 elementor-widget elementor-widget-text-editor\" data-id=\"9db37a7\" data-element_type=\"widget\" data-e-type=\"widget\" data-widget_type=\"text-editor.default\">\n\t\t\t\t<div class=\"elementor-widget-container\">\n\t\t\t\t\t        <div class=\"elementor-text-editor elementor-clearfix\"><p style=\"text-align: left;\">Das JEC Forum ist speziell f\u00fcr Entscheidungstr\u00e4ger der Composites-Industrie konzipiert, die in Projektentwicklung, Produktgestaltung, Produktion oder Einkauf von Verbundwerkstoffl\u00f6sungen t\u00e4tig sind.<\/p><p style=\"text-align: left;\"><strong>Zwei Teilnehmerprofile sind zugelassen:<\/strong><br \/>\u00a0 \u00a0<strong>\u2022 Projekttr\u00e4ger \/ Eink\u00e4ufer <\/strong>\u2013 Unternehmen, die Entwicklungs- oder Beschaffungsprojekte leiten<br \/>\u00a0 \u00a0<strong>\u2022 Lieferanten <\/strong>\u2013 Unternehmen, die Verbundprodukte, Materialien, Ausr\u00fcstungen oder L\u00f6sungen anbieten<\/p><\/div>\n        \t\t\t\t<\/div>\n\t\t\t\t<\/div>\n\t\t\t\t\t<\/div>\n\t\t<\/div>\n\t\t\t\t\t<\/div>\n\t\t<\/div>\n\t\t\t\t<div class=\"elementor-section elementor-top-section elementor-element elementor-element-45f29137 elementor-section-stretched elementor-section-boxed elementor-section-height-default elementor-section-height-default\" data-id=\"45f29137\" data-element_type=\"section\" data-e-type=\"section\" data-settings=\"{&quot;stretch_section&quot;:&quot;section-stretched&quot;}\">\n\t\t\t\t\t\t<div class=\"elementor-container elementor-column-gap-no\">\n\t\t\t\t\t<div class=\"elementor-column elementor-col-50 elementor-top-column elementor-element elementor-element-9793fd5\" data-id=\"9793fd5\" data-element_type=\"column\" data-e-type=\"column\" data-settings=\"{&quot;background_background&quot;:&quot;classic&quot;}\">\n\t\t\t<div class=\"elementor-widget-wrap elementor-element-populated\">\n\t\t\t\t\t\t<div class=\"elementor-element elementor-element-38a078b3 elementor-align-center elementor-widget elementor-widget-heading\" data-id=\"38a078b3\" data-element_type=\"widget\" data-e-type=\"widget\" data-widget_type=\"heading.default\">\n\t\t\t\t<div class=\"elementor-widget-container\">\n\t\t\t\t\t<h4 class=\"elementor-heading-title elementor-size-default\">F\u00fcr Projekttr\u00e4ger \/ Eink\u00e4ufer<\/h4>\t\t\t\t<\/div>\n\t\t\t\t<\/div>\n\t\t\t\t<div class=\"elementor-element elementor-element-43eafedd elementor-widget elementor-widget-text-editor\" data-id=\"43eafedd\" data-element_type=\"widget\" data-e-type=\"widget\" data-widget_type=\"text-editor.default\">\n\t\t\t\t<div class=\"elementor-widget-container\">\n\t\t\t\t\t        <div class=\"elementor-text-editor elementor-clearfix\"><p style=\"text-align: center;\">Wenn Sie als Eink\u00e4ufer am JEC Forum teilnehmen m\u00f6chten, senden Sie bitte Ihre Akkreditierungsanfrage \u00fcber den folgenden Link. Bitte beachten Sie, dass jede Registrierung im JEC Forum als Eink\u00e4ufer einer Akkreditierung durch die JEC Group unterliegt.<\/p><\/div>\n        \t\t\t\t<\/div>\n\t\t\t\t<\/div>\n\t\t\t\t\t<\/div>\n\t\t<\/div>\n\t\t\t\t<div class=\"elementor-column elementor-col-50 elementor-top-column elementor-element elementor-element-4d9184ea animated-fast elementor-invisible\" data-id=\"4d9184ea\" data-element_type=\"column\" data-e-type=\"column\" data-settings=\"{&quot;background_background&quot;:&quot;classic&quot;,&quot;animation&quot;:&quot;opal-move-up&quot;}\">\n\t\t\t<div class=\"elementor-widget-wrap elementor-element-populated\">\n\t\t\t\t\t\t<div class=\"elementor-element elementor-element-4da3c678 elementor-align-center elementor-widget elementor-widget-heading\" data-id=\"4da3c678\" data-element_type=\"widget\" data-e-type=\"widget\" data-widget_type=\"heading.default\">\n\t\t\t\t<div class=\"elementor-widget-container\">\n\t\t\t\t\t<h4 class=\"elementor-heading-title elementor-size-small\"><a href=\"https:\/\/www.jec-dach.events\/register-as-a-buyer\/\">Akkreditierungsanfrage<br>einreichen<\/a><\/h4>\t\t\t\t<\/div>\n\t\t\t\t<\/div>\n\t\t\t\t\t<\/div>\n\t\t<\/div>\n\t\t\t\t\t<\/div>\n\t\t<\/div>\n\t\t\t\t<div class=\"elementor-section elementor-top-section elementor-element elementor-element-27dc0022 elementor-section-stretched elementor-section-boxed elementor-section-height-default elementor-section-height-default\" data-id=\"27dc0022\" data-element_type=\"section\" data-e-type=\"section\" data-settings=\"{&quot;stretch_section&quot;:&quot;section-stretched&quot;}\">\n\t\t\t\t\t\t<div class=\"elementor-container elementor-column-gap-no\">\n\t\t\t\t\t<div class=\"elementor-column elementor-col-50 elementor-top-column elementor-element elementor-element-40371c0\" data-id=\"40371c0\" data-element_type=\"column\" data-e-type=\"column\" data-settings=\"{&quot;background_background&quot;:&quot;classic&quot;}\">\n\t\t\t<div class=\"elementor-widget-wrap elementor-element-populated\">\n\t\t\t\t\t\t<div class=\"elementor-element elementor-element-52829655 elementor-align-center elementor-widget elementor-widget-heading\" data-id=\"52829655\" data-element_type=\"widget\" data-e-type=\"widget\" data-widget_type=\"heading.default\">\n\t\t\t\t<div class=\"elementor-widget-container\">\n\t\t\t\t\t<h4 class=\"elementor-heading-title elementor-size-default\">F\u00fcr Lieferanten<\/h4>\t\t\t\t<\/div>\n\t\t\t\t<\/div>\n\t\t\t\t<div class=\"elementor-element elementor-element-438deab8 elementor-widget elementor-widget-text-editor\" data-id=\"438deab8\" data-element_type=\"widget\" data-e-type=\"widget\" data-widget_type=\"text-editor.default\">\n\t\t\t\t<div class=\"elementor-widget-container\">\n\t\t\t\t\t        <div class=\"elementor-text-editor elementor-clearfix\"><p style=\"text-align: center;\">Wenn Sie sich als Zulieferer registrieren m\u00f6chten, wenden Sie sich bitte an unser Vertriebsteam:<br \/><strong><a href=\"mailto:sales@jeccomposites.com?subject=JEC%20Forum%20DACH%20-%20Register%20as%20a%20Supplier\">sales@jeccomposites.com<\/a><\/strong><\/p><\/div>\n        \t\t\t\t<\/div>\n\t\t\t\t<\/div>\n\t\t\t\t\t<\/div>\n\t\t<\/div>\n\t\t\t\t<div class=\"elementor-column elementor-col-50 elementor-top-column elementor-element elementor-element-11a34113 animated-fast elementor-invisible\" data-id=\"11a34113\" data-element_type=\"column\" data-e-type=\"column\" data-settings=\"{&quot;background_background&quot;:&quot;classic&quot;,&quot;animation&quot;:&quot;opal-move-up&quot;}\">\n\t\t\t<div class=\"elementor-widget-wrap elementor-element-populated\">\n\t\t\t\t\t\t<div class=\"elementor-element elementor-element-403aa83e elementor-align-center elementor-mobile-align-center elementor-widget elementor-widget-heading\" data-id=\"403aa83e\" data-element_type=\"widget\" data-e-type=\"widget\" data-widget_type=\"heading.default\">\n\t\t\t\t<div class=\"elementor-widget-container\">\n\t\t\t\t\t<h4 class=\"elementor-heading-title elementor-size-small\"><a href=\"mailto:sales@jeccomposites.com?subject=JEC%20Forum%20DACH%20-%20Register%20as%20a%20Supplier\">ALS LIEFERANT<br>\nREGISTRIEREN<\/a><\/h4>\t\t\t\t<\/div>\n\t\t\t\t<\/div>\n\t\t\t\t\t<\/div>\n\t\t<\/div>\n\t\t\t\t\t<\/div>\n\t\t<\/div>\n\t\t\t\t<\/div>\n\t\t","protected":false},"excerpt":{"rendered":"<p>Akkreditierungbeantragen Das JEC Forum ist speziell f\u00fcr Entscheidungstr\u00e4ger der Composites-Industrie konzipiert, die in Projektentwicklung, Produktgestaltung, Produktion oder Einkauf von Verbundwerkstoffl\u00f6sungen t\u00e4tig sind. Zwei Teilnehmerprofile sind zugelassen:\u00a0 \u00a0\u2022 Projekttr\u00e4ger \/ Eink\u00e4ufer \u2013 Unternehmen, die Entwicklungs- oder Beschaffungsprojekte leiten\u00a0 \u00a0\u2022 Lieferanten \u2013 Unternehmen, die Verbundprodukte, Materialien, Ausr\u00fcstungen oder L\u00f6sungen anbieten F\u00fcr Projekttr\u00e4ger \/ Eink\u00e4ufer Wenn Sie als &hellip; <span class=\"more-link-wrap\"><a href=\"https:\/\/www.jec-dach.events\/de\/akkreditierung-beantragen\/\" class=\"more-link\">Read More <span class=\"screen-reader-text\"> &#8222;Akkreditierung beantragen&#8220;<\/span><\/a><\/span><\/p>\n","protected":false},"author":3,"featured_media":0,"parent":0,"menu_order":0,"comment_status":"closed","ping_status":"closed","template":"","meta":{"inline_featured_image":false,"footnotes":""},"class_list":["post-7526","page","type-page","status-publish","hentry"],"yoast_head":"<!-- This site is optimized with the Yoast SEO Premium plugin v27.3 (Yoast SEO v27.2) - https:\/\/yoast.com\/product\/yoast-seo-premium-wordpress\/ -->\n<title>JEC Forum DACH 2026 - Business Meetings &amp; Conferences<\/title>\n<meta name=\"robots\" content=\"index, follow, max-snippet:-1, max-image-preview:large, max-video-preview:-1\" \/>\n<link rel=\"canonical\" href=\"https:\/\/www.jec-dach.events\/de\/akkreditierung-beantragen\/\" \/>\n<meta property=\"og:locale\" content=\"de_DE\" \/>\n<meta property=\"og:type\" content=\"article\" \/>\n<meta property=\"og:title\" content=\"JEC Forum DACH 2026 - Business Meetings &amp; Conferences\" \/>\n<meta property=\"og:description\" content=\"Akkreditierungbeantragen Das JEC Forum ist speziell f\u00fcr Entscheidungstr\u00e4ger der Composites-Industrie konzipiert, die in Projektentwicklung, Produktgestaltung, Produktion oder Einkauf von Verbundwerkstoffl\u00f6sungen t\u00e4tig sind. Zwei Teilnehmerprofile sind zugelassen:\u00a0 \u00a0\u2022 Projekttr\u00e4ger \/ Eink\u00e4ufer \u2013 Unternehmen, die Entwicklungs- oder Beschaffungsprojekte leiten\u00a0 \u00a0\u2022 Lieferanten \u2013 Unternehmen, die Verbundprodukte, Materialien, Ausr\u00fcstungen oder L\u00f6sungen anbieten F\u00fcr Projekttr\u00e4ger \/ Eink\u00e4ufer Wenn Sie als &hellip; Read More &quot;Akkreditierung beantragen&quot;\" \/>\n<meta property=\"og:url\" content=\"https:\/\/www.jec-dach.events\/de\/akkreditierung-beantragen\/\" \/>\n<meta property=\"og:site_name\" content=\"JEC Forum DACH 2026\" \/>\n<meta property=\"article:publisher\" content=\"https:\/\/www.facebook.com\/jeccomposites\" \/>\n<meta property=\"article:modified_time\" content=\"2025-11-13T13:50:55+00:00\" \/>\n<meta name=\"twitter:card\" content=\"summary_large_image\" \/>\n<meta name=\"twitter:site\" content=\"@jeccomposites\" \/>\n<meta name=\"twitter:label1\" content=\"Gesch\u00e4tzte Lesezeit\" \/>\n\t<meta name=\"twitter:data1\" content=\"1\u00a0Minute\" \/>\n<script type=\"application\/ld+json\" class=\"yoast-schema-graph\">{\"@context\":\"https:\/\/schema.org\",\"@graph\":[{\"@type\":\"WebPage\",\"@id\":\"https:\/\/www.jec-dach.events\/de\/akkreditierung-beantragen\/\",\"url\":\"https:\/\/www.jec-dach.events\/de\/akkreditierung-beantragen\/\",\"name\":\"JEC Forum DACH 2026 - Business Meetings &amp; Conferences\",\"isPartOf\":{\"@id\":\"https:\/\/www.jec-dach.events\/#website\"},\"datePublished\":\"2025-11-13T13:37:49+00:00\",\"dateModified\":\"2025-11-13T13:50:55+00:00\",\"breadcrumb\":{\"@id\":\"https:\/\/www.jec-dach.events\/de\/akkreditierung-beantragen\/#breadcrumb\"},\"inLanguage\":\"de\",\"potentialAction\":[{\"@type\":\"ReadAction\",\"target\":[\"https:\/\/www.jec-dach.events\/de\/akkreditierung-beantragen\/\"]}]},{\"@type\":\"BreadcrumbList\",\"@id\":\"https:\/\/www.jec-dach.events\/de\/akkreditierung-beantragen\/#breadcrumb\",\"itemListElement\":[{\"@type\":\"ListItem\",\"position\":1,\"name\":\"Accueil\",\"item\":\"https:\/\/www.jec-dach.events\/de\/\"},{\"@type\":\"ListItem\",\"position\":2,\"name\":\"Akkreditierung beantragen\"}]},{\"@type\":\"WebSite\",\"@id\":\"https:\/\/www.jec-dach.events\/#website\",\"url\":\"https:\/\/www.jec-dach.events\/\",\"name\":\"JEC Forum DACH\",\"description\":\"Business Meetings &amp; Conferences\",\"publisher\":{\"@id\":\"https:\/\/www.jec-dach.events\/#organization\"},\"alternateName\":\"JEC Forum DACH\",\"potentialAction\":[{\"@type\":\"SearchAction\",\"target\":{\"@type\":\"EntryPoint\",\"urlTemplate\":\"https:\/\/www.jec-dach.events\/?s={search_term_string}\"},\"query-input\":{\"@type\":\"PropertyValueSpecification\",\"valueRequired\":true,\"valueName\":\"search_term_string\"}}],\"inLanguage\":\"de\"},{\"@type\":\"Organization\",\"@id\":\"https:\/\/www.jec-dach.events\/#organization\",\"name\":\"JEC Forum DACH\",\"url\":\"https:\/\/www.jec-dach.events\/\",\"logo\":{\"@type\":\"ImageObject\",\"inLanguage\":\"de\",\"@id\":\"https:\/\/www.jec-dach.events\/#\/schema\/logo\/image\/\",\"url\":\"https:\/\/www.jec-dach.events\/wp-content\/uploads\/2019\/07\/Logo-DACH-JEC-Forum-Business-Meetings-and-Conferences_DE.svg\",\"contentUrl\":\"https:\/\/www.jec-dach.events\/wp-content\/uploads\/2019\/07\/Logo-DACH-JEC-Forum-Business-Meetings-and-Conferences_DE.svg\",\"width\":270,\"height\":124,\"caption\":\"JEC Forum DACH\"},\"image\":{\"@id\":\"https:\/\/www.jec-dach.events\/#\/schema\/logo\/image\/\"},\"sameAs\":[\"https:\/\/www.facebook.com\/jeccomposites\",\"https:\/\/x.com\/jeccomposites\",\"https:\/\/www.linkedin.com\/company\/jec-composites\"]}]}<\/script>\n<!-- \/ Yoast SEO Premium plugin. -->","yoast_head_json":{"title":"JEC Forum DACH 2026 - Business Meetings &amp; Conferences","robots":{"index":"index","follow":"follow","max-snippet":"max-snippet:-1","max-image-preview":"max-image-preview:large","max-video-preview":"max-video-preview:-1"},"canonical":"https:\/\/www.jec-dach.events\/de\/akkreditierung-beantragen\/","og_locale":"de_DE","og_type":"article","og_title":"JEC Forum DACH 2026 - Business Meetings &amp; Conferences","og_description":"Akkreditierungbeantragen Das JEC Forum ist speziell f\u00fcr Entscheidungstr\u00e4ger der Composites-Industrie konzipiert, die in Projektentwicklung, Produktgestaltung, Produktion oder Einkauf von Verbundwerkstoffl\u00f6sungen t\u00e4tig sind. Zwei Teilnehmerprofile sind zugelassen:\u00a0 \u00a0\u2022 Projekttr\u00e4ger \/ Eink\u00e4ufer \u2013 Unternehmen, die Entwicklungs- oder Beschaffungsprojekte leiten\u00a0 \u00a0\u2022 Lieferanten \u2013 Unternehmen, die Verbundprodukte, Materialien, Ausr\u00fcstungen oder L\u00f6sungen anbieten F\u00fcr Projekttr\u00e4ger \/ Eink\u00e4ufer Wenn Sie als &hellip; Read More \"Akkreditierung beantragen\"","og_url":"https:\/\/www.jec-dach.events\/de\/akkreditierung-beantragen\/","og_site_name":"JEC Forum DACH 2026","article_publisher":"https:\/\/www.facebook.com\/jeccomposites","article_modified_time":"2025-11-13T13:50:55+00:00","twitter_card":"summary_large_image","twitter_site":"@jeccomposites","twitter_misc":{"Gesch\u00e4tzte Lesezeit":"1\u00a0Minute"},"schema":{"@context":"https:\/\/schema.org","@graph":[{"@type":"WebPage","@id":"https:\/\/www.jec-dach.events\/de\/akkreditierung-beantragen\/","url":"https:\/\/www.jec-dach.events\/de\/akkreditierung-beantragen\/","name":"JEC Forum DACH 2026 - Business Meetings &amp; Conferences","isPartOf":{"@id":"https:\/\/www.jec-dach.events\/#website"},"datePublished":"2025-11-13T13:37:49+00:00","dateModified":"2025-11-13T13:50:55+00:00","breadcrumb":{"@id":"https:\/\/www.jec-dach.events\/de\/akkreditierung-beantragen\/#breadcrumb"},"inLanguage":"de","potentialAction":[{"@type":"ReadAction","target":["https:\/\/www.jec-dach.events\/de\/akkreditierung-beantragen\/"]}]},{"@type":"BreadcrumbList","@id":"https:\/\/www.jec-dach.events\/de\/akkreditierung-beantragen\/#breadcrumb","itemListElement":[{"@type":"ListItem","position":1,"name":"Accueil","item":"https:\/\/www.jec-dach.events\/de\/"},{"@type":"ListItem","position":2,"name":"Akkreditierung beantragen"}]},{"@type":"WebSite","@id":"https:\/\/www.jec-dach.events\/#website","url":"https:\/\/www.jec-dach.events\/","name":"JEC Forum DACH","description":"Business Meetings &amp; Conferences","publisher":{"@id":"https:\/\/www.jec-dach.events\/#organization"},"alternateName":"JEC Forum DACH","potentialAction":[{"@type":"SearchAction","target":{"@type":"EntryPoint","urlTemplate":"https:\/\/www.jec-dach.events\/?s={search_term_string}"},"query-input":{"@type":"PropertyValueSpecification","valueRequired":true,"valueName":"search_term_string"}}],"inLanguage":"de"},{"@type":"Organization","@id":"https:\/\/www.jec-dach.events\/#organization","name":"JEC Forum DACH","url":"https:\/\/www.jec-dach.events\/","logo":{"@type":"ImageObject","inLanguage":"de","@id":"https:\/\/www.jec-dach.events\/#\/schema\/logo\/image\/","url":"https:\/\/www.jec-dach.events\/wp-content\/uploads\/2019\/07\/Logo-DACH-JEC-Forum-Business-Meetings-and-Conferences_DE.svg","contentUrl":"https:\/\/www.jec-dach.events\/wp-content\/uploads\/2019\/07\/Logo-DACH-JEC-Forum-Business-Meetings-and-Conferences_DE.svg","width":270,"height":124,"caption":"JEC Forum DACH"},"image":{"@id":"https:\/\/www.jec-dach.events\/#\/schema\/logo\/image\/"},"sameAs":["https:\/\/www.facebook.com\/jeccomposites","https:\/\/x.com\/jeccomposites","https:\/\/www.linkedin.com\/company\/jec-composites"]}]}},"_links":{"self":[{"href":"https:\/\/www.jec-dach.events\/de\/wp-json\/wp\/v2\/pages\/7526","targetHints":{"allow":["GET"]}}],"collection":[{"href":"https:\/\/www.jec-dach.events\/de\/wp-json\/wp\/v2\/pages"}],"about":[{"href":"https:\/\/www.jec-dach.events\/de\/wp-json\/wp\/v2\/types\/page"}],"author":[{"embeddable":true,"href":"https:\/\/www.jec-dach.events\/de\/wp-json\/wp\/v2\/users\/3"}],"replies":[{"embeddable":true,"href":"https:\/\/www.jec-dach.events\/de\/wp-json\/wp\/v2\/comments?post=7526"}],"version-history":[{"count":9,"href":"https:\/\/www.jec-dach.events\/de\/wp-json\/wp\/v2\/pages\/7526\/revisions"}],"predecessor-version":[{"id":7544,"href":"https:\/\/www.jec-dach.events\/de\/wp-json\/wp\/v2\/pages\/7526\/revisions\/7544"}],"wp:attachment":[{"href":"https:\/\/www.jec-dach.events\/de\/wp-json\/wp\/v2\/media?parent=7526"}],"curies":[{"name":"wp","href":"https:\/\/api.w.org\/{rel}","templated":true}]}}